{"id":72,"date":"2021-01-19T14:58:39","date_gmt":"2021-01-19T14:58:39","guid":{"rendered":"https:\/\/sportechaz.wordpress.com\/?page_id=72"},"modified":"2021-03-07T20:38:55","modified_gmt":"2021-03-07T20:38:55","slug":"dr-araz","status":"publish","type":"page","link":"https:\/\/dentalnews.az\/index.php\/dr-araz\/","title":{"rendered":"Di\u015fl\u0259rin m\u00fcalic\u0259si"},"content":{"rendered":"<p>\u00dcmumi a\u011f\u0131z bo\u015flu\u011fu m\u00fcayin\u0259si<\/p>\n<p>Di\u015fl\u0259r\u0259 d\u00fczg\u00fcn qulluq qaydalar\u0131<\/p>\n<p>Di\u015fl\u0259rin m\u00fcalic\u0259si<\/p>\n<p>Damaqlar\u0131n sa\u011fl\u0131\u011f\u0131<\/p>\n<p>Qapaq v\u0259 k\u00f6rp\u00fcl\u0259r<\/p>\n<p>Di\u015f-implantlar\u0131<\/p>\n<p>Agil di\u015fl\u0259rin \u00e7\u0259kilm\u0259si<\/p>\n<p>Di\u015fl\u0259rin A\u011fard\u0131lmas\u0131<\/p>\n<p>Di\u015f eyrilikleri<\/p>\n<p>Rentgenogramma<\/p>\n<p>U\u015faq di\u015fl\u0259rin mualicesi<\/p>\n","protected":false},"excerpt":{"rendered":"<p>\u00dcmumi a\u011f\u0131z bo\u015flu\u011fu m\u00fcayin\u0259si Di\u015fl\u0259r\u0259 d\u00fczg\u00fcn qulluq qaydalar\u0131 Di\u015fl\u0259rin m\u00fcalic\u0259si Damaqlar\u0131n sa\u011fl\u0131\u011f\u0131 Qapaq v\u0259 k\u00f6rp\u00fcl\u0259r Di\u015f-implantlar\u0131 Agil di\u015fl\u0259rin \u00e7\u0259kilm\u0259si Di\u015fl\u0259rin A\u011fard\u0131lmas\u0131 Di\u015f eyrilikleri Rentgenogramma U\u015faq di\u015fl\u0259rin mualicesi<\/p>\n","protected":false},"author":1,"featured_media":0,"parent":0,"menu_order":0,"comment_status":"closed","ping_status":"closed","template":"","meta":{"_monsterinsights_skip_tracking":false,"_monsterinsights_sitenote_active":false,"_monsterinsights_sitenote_note":"","_monsterinsights_sitenote_category":0,"footnotes":""},"class_list":["post-72","page","type-page","status-publish","hentry"],"_links":{"self":[{"href":"https:\/\/dentalnews.az\/index.php\/wp-json\/wp\/v2\/pages\/72","targetHints":{"allow":["GET"]}}],"collection":[{"href":"https:\/\/dentalnews.az\/index.php\/wp-json\/wp\/v2\/pages"}],"about":[{"href":"https:\/\/dentalnews.az\/index.php\/wp-json\/wp\/v2\/types\/page"}],"author":[{"embeddable":true,"href":"https:\/\/dentalnews.az\/index.php\/wp-json\/wp\/v2\/users\/1"}],"replies":[{"embeddable":true,"href":"https:\/\/dentalnews.az\/index.php\/wp-json\/wp\/v2\/comments?post=72"}],"version-history":[{"count":4,"href":"https:\/\/dentalnews.az\/index.php\/wp-json\/wp\/v2\/pages\/72\/revisions"}],"predecessor-version":[{"id":1832,"href":"https:\/\/dentalnews.az\/index.php\/wp-json\/wp\/v2\/pages\/72\/revisions\/1832"}],"wp:attachment":[{"href":"https:\/\/dentalnews.az\/index.php\/wp-json\/wp\/v2\/media?parent=72"}],"curies":[{"name":"wp","href":"https:\/\/api.w.org\/{rel}","templated":true}]}}